{"id":6502,"date":"2019-05-02T22:14:04","date_gmt":"2019-05-02T20:14:04","guid":{"rendered":"https:\/\/guandong.eu\/cookie-policy\/"},"modified":"2025-06-10T17:07:02","modified_gmt":"2025-06-10T15:07:02","slug":"cookie-policy","status":"publish","type":"page","link":"https:\/\/guandong.eu\/de\/cookie-policy\/","title":{"rendered":"Cookie policy"},"content":{"rendered":"","protected":false},"excerpt":{"rendered":"<p>Cookies bestehen aus kleinen Dateien, die im Browser installiert sind und dem Verantwortlichen helfen, den Dienst gem\u00e4\u00df den beschriebenen Zwecken bereitzustellen. Einige der Zwecke der Installation von Cookies k\u00f6nnen auch eine Einwilligung des Nutzers erfordern.<\/p>\n","protected":false},"author":1,"featured_media":0,"parent":0,"menu_order":0,"comment_status":"closed","ping_status":"closed","template":"flow.php","meta":{"_acf_changed":false,"footnotes":""},"class_list":["post-6502","page","type-page","status-publish","hentry"],"acf":[],"_links":{"self":[{"href":"https:\/\/guandong.eu\/de\/wp-json\/wp\/v2\/pages\/6502"}],"collection":[{"href":"https:\/\/guandong.eu\/de\/wp-json\/wp\/v2\/pages"}],"about":[{"href":"https:\/\/guandong.eu\/de\/wp-json\/wp\/v2\/types\/page"}],"author":[{"embeddable":true,"href":"https:\/\/guandong.eu\/de\/wp-json\/wp\/v2\/users\/1"}],"replies":[{"embeddable":true,"href":"https:\/\/guandong.eu\/de\/wp-json\/wp\/v2\/comments?post=6502"}],"version-history":[{"count":5,"href":"https:\/\/guandong.eu\/de\/wp-json\/wp\/v2\/pages\/6502\/revisions"}],"predecessor-version":[{"id":29867,"href":"https:\/\/guandong.eu\/de\/wp-json\/wp\/v2\/pages\/6502\/revisions\/29867"}],"wp:attachment":[{"href":"https:\/\/guandong.eu\/de\/wp-json\/wp\/v2\/media?parent=6502"}],"curies":[{"name":"wp","href":"https:\/\/api.w.org\/{rel}","templated":true}]}}