{"id":6512,"date":"2019-05-02T22:46:08","date_gmt":"2019-05-02T20:46:08","guid":{"rendered":"https:\/\/guandong.eu\/grossformat\/plastic-collection\/"},"modified":"2023-09-13T10:47:57","modified_gmt":"2023-09-13T08:47:57","slug":"plastic-collection","status":"publish","type":"page","link":"https:\/\/guandong.eu\/de\/grossformat\/plastic-collection\/","title":{"rendered":"Plastic Collection"},"content":{"rendered":"","protected":false},"excerpt":{"rendered":"<p>Funktionsf\u00e4hige und vielseitig einsetzbare Tr\u00e4ger f\u00fcr die visuelle Kommunikation auf Displays.<\/p>\n","protected":false},"author":1,"featured_media":0,"parent":6507,"menu_order":0,"comment_status":"closed","ping_status":"closed","template":"flow.php","meta":{"_acf_changed":false,"footnotes":""},"class_list":["post-6512","page","type-page","status-publish","hentry"],"acf":[],"_links":{"self":[{"href":"https:\/\/guandong.eu\/de\/wp-json\/wp\/v2\/pages\/6512"}],"collection":[{"href":"https:\/\/guandong.eu\/de\/wp-json\/wp\/v2\/pages"}],"about":[{"href":"https:\/\/guandong.eu\/de\/wp-json\/wp\/v2\/types\/page"}],"author":[{"embeddable":true,"href":"https:\/\/guandong.eu\/de\/wp-json\/wp\/v2\/users\/1"}],"replies":[{"embeddable":true,"href":"https:\/\/guandong.eu\/de\/wp-json\/wp\/v2\/comments?post=6512"}],"version-history":[{"count":9,"href":"https:\/\/guandong.eu\/de\/wp-json\/wp\/v2\/pages\/6512\/revisions"}],"predecessor-version":[{"id":29318,"href":"https:\/\/guandong.eu\/de\/wp-json\/wp\/v2\/pages\/6512\/revisions\/29318"}],"up":[{"embeddable":true,"href":"https:\/\/guandong.eu\/de\/wp-json\/wp\/v2\/pages\/6507"}],"wp:attachment":[{"href":"https:\/\/guandong.eu\/de\/wp-json\/wp\/v2\/media?parent=6512"}],"curies":[{"name":"wp","href":"https:\/\/api.w.org\/{rel}","templated":true}]}}