{"id":6517,"date":"2019-05-02T22:47:06","date_gmt":"2019-05-02T20:47:06","guid":{"rendered":"https:\/\/guandong.eu\/grossformat\/textile-collection\/"},"modified":"2023-09-13T10:48:09","modified_gmt":"2023-09-13T08:48:09","slug":"textile-collection","status":"publish","type":"page","link":"https:\/\/guandong.eu\/de\/grossformat\/textile-collection\/","title":{"rendered":"Textile Collection"},"content":{"rendered":"","protected":false},"excerpt":{"rendered":"<p>Die gr\u00f6\u00dfe Auswahl an Textilien aus Baumwolle und Polyester f\u00fcr Canvas, Hintergrundbeleuchtungen, Fahnen und Spezialit\u00e4ten.<\/p>\n","protected":false},"author":1,"featured_media":0,"parent":6507,"menu_order":0,"comment_status":"closed","ping_status":"closed","template":"flow.php","meta":{"_acf_changed":false,"footnotes":""},"class_list":["post-6517","page","type-page","status-publish","hentry"],"acf":[],"_links":{"self":[{"href":"https:\/\/guandong.eu\/de\/wp-json\/wp\/v2\/pages\/6517"}],"collection":[{"href":"https:\/\/guandong.eu\/de\/wp-json\/wp\/v2\/pages"}],"about":[{"href":"https:\/\/guandong.eu\/de\/wp-json\/wp\/v2\/types\/page"}],"author":[{"embeddable":true,"href":"https:\/\/guandong.eu\/de\/wp-json\/wp\/v2\/users\/1"}],"replies":[{"embeddable":true,"href":"https:\/\/guandong.eu\/de\/wp-json\/wp\/v2\/comments?post=6517"}],"version-history":[{"count":14,"href":"https:\/\/guandong.eu\/de\/wp-json\/wp\/v2\/pages\/6517\/revisions"}],"predecessor-version":[{"id":29319,"href":"https:\/\/guandong.eu\/de\/wp-json\/wp\/v2\/pages\/6517\/revisions\/29319"}],"up":[{"embeddable":true,"href":"https:\/\/guandong.eu\/de\/wp-json\/wp\/v2\/pages\/6507"}],"wp:attachment":[{"href":"https:\/\/guandong.eu\/de\/wp-json\/wp\/v2\/media?parent=6517"}],"curies":[{"name":"wp","href":"https:\/\/api.w.org\/{rel}","templated":true}]}}