{"id":6261,"date":"2019-05-02T22:47:06","date_gmt":"2019-05-02T20:47:06","guid":{"rendered":"https:\/\/guandong.eu\/large-format\/textile-collection\/"},"modified":"2023-09-13T10:51:15","modified_gmt":"2023-09-13T08:51:15","slug":"textile-collection","status":"publish","type":"page","link":"https:\/\/guandong.eu\/es\/gran-formato\/textile-collection\/","title":{"rendered":"Textile Collection"},"content":{"rendered":"","protected":false},"excerpt":{"rendered":"<p>La selecci\u00f3n m\u00e1s completa de tejidos de algod\u00f3n y poli\u00e9ster para canvas, retroiluminados, banderas y especialidades.<\/p>\n","protected":false},"author":1,"featured_media":0,"parent":6249,"menu_order":0,"comment_status":"closed","ping_status":"closed","template":"flow.php","meta":{"_acf_changed":false,"footnotes":""},"class_list":["post-6261","page","type-page","status-publish","hentry"],"acf":[],"_links":{"self":[{"href":"https:\/\/guandong.eu\/es\/wp-json\/wp\/v2\/pages\/6261"}],"collection":[{"href":"https:\/\/guandong.eu\/es\/wp-json\/wp\/v2\/pages"}],"about":[{"href":"https:\/\/guandong.eu\/es\/wp-json\/wp\/v2\/types\/page"}],"author":[{"embeddable":true,"href":"https:\/\/guandong.eu\/es\/wp-json\/wp\/v2\/users\/1"}],"replies":[{"embeddable":true,"href":"https:\/\/guandong.eu\/es\/wp-json\/wp\/v2\/comments?post=6261"}],"version-history":[{"count":14,"href":"https:\/\/guandong.eu\/es\/wp-json\/wp\/v2\/pages\/6261\/revisions"}],"predecessor-version":[{"id":29330,"href":"https:\/\/guandong.eu\/es\/wp-json\/wp\/v2\/pages\/6261\/revisions\/29330"}],"up":[{"embeddable":true,"href":"https:\/\/guandong.eu\/es\/wp-json\/wp\/v2\/pages\/6249"}],"wp:attachment":[{"href":"https:\/\/guandong.eu\/es\/wp-json\/wp\/v2\/media?parent=6261"}],"curies":[{"name":"wp","href":"https:\/\/api.w.org\/{rel}","templated":true}]}}