{"id":6282,"date":"2019-05-02T22:08:26","date_gmt":"2019-05-02T20:08:26","guid":{"rendered":"https:\/\/guandong.eu\/smart-and-industry\/"},"modified":"2025-02-13T12:06:15","modified_gmt":"2025-02-13T11:06:15","slug":"smart-y-industria","status":"publish","type":"page","link":"https:\/\/guandong.eu\/es\/smart-y-industria\/","title":{"rendered":"Smart y industria"},"content":{"rendered":"","protected":false},"excerpt":{"rendered":"<p>Esta innovadora categor\u00eda incluye l\u00edneas de productos en bobina, hojas y perfiles para la decoraci\u00f3n smart y la industria.<\/p>\n","protected":false},"author":1,"featured_media":0,"parent":0,"menu_order":0,"comment_status":"closed","ping_status":"closed","template":"flow.php","meta":{"_acf_changed":false,"footnotes":""},"class_list":["post-6282","page","type-page","status-publish","hentry"],"acf":[],"_links":{"self":[{"href":"https:\/\/guandong.eu\/es\/wp-json\/wp\/v2\/pages\/6282"}],"collection":[{"href":"https:\/\/guandong.eu\/es\/wp-json\/wp\/v2\/pages"}],"about":[{"href":"https:\/\/guandong.eu\/es\/wp-json\/wp\/v2\/types\/page"}],"author":[{"embeddable":true,"href":"https:\/\/guandong.eu\/es\/wp-json\/wp\/v2\/users\/1"}],"replies":[{"embeddable":true,"href":"https:\/\/guandong.eu\/es\/wp-json\/wp\/v2\/comments?post=6282"}],"version-history":[{"count":13,"href":"https:\/\/guandong.eu\/es\/wp-json\/wp\/v2\/pages\/6282\/revisions"}],"predecessor-version":[{"id":29799,"href":"https:\/\/guandong.eu\/es\/wp-json\/wp\/v2\/pages\/6282\/revisions\/29799"}],"wp:attachment":[{"href":"https:\/\/guandong.eu\/es\/wp-json\/wp\/v2\/media?parent=6282"}],"curies":[{"name":"wp","href":"https:\/\/api.w.org\/{rel}","templated":true}]}}