{"id":6303,"date":"2019-05-02T22:12:55","date_gmt":"2019-05-02T20:12:55","guid":{"rendered":"https:\/\/guandong.eu\/support\/"},"modified":"2021-07-22T16:03:52","modified_gmt":"2021-07-22T14:03:52","slug":"soporte","status":"publish","type":"page","link":"https:\/\/guandong.eu\/es\/soporte\/","title":{"rendered":"Soporte"},"content":{"rendered":"","protected":false},"excerpt":{"rendered":"<p>Si tienes preguntas sobre nuestros productos y sus aplicaciones o cualquier otra curiosidad, puedes encontrar m\u00e1s r\u00e1pidamente la informaci\u00f3n que buscas consultando las respuestas a las preguntas que recibimos m\u00e1s a menudo.<\/p>\n","protected":false},"author":1,"featured_media":0,"parent":0,"menu_order":0,"comment_status":"closed","ping_status":"closed","template":"flow.php","meta":{"_acf_changed":false,"footnotes":""},"class_list":["post-6303","page","type-page","status-publish","hentry"],"acf":[],"_links":{"self":[{"href":"https:\/\/guandong.eu\/es\/wp-json\/wp\/v2\/pages\/6303"}],"collection":[{"href":"https:\/\/guandong.eu\/es\/wp-json\/wp\/v2\/pages"}],"about":[{"href":"https:\/\/guandong.eu\/es\/wp-json\/wp\/v2\/types\/page"}],"author":[{"embeddable":true,"href":"https:\/\/guandong.eu\/es\/wp-json\/wp\/v2\/users\/1"}],"replies":[{"embeddable":true,"href":"https:\/\/guandong.eu\/es\/wp-json\/wp\/v2\/comments?post=6303"}],"version-history":[{"count":14,"href":"https:\/\/guandong.eu\/es\/wp-json\/wp\/v2\/pages\/6303\/revisions"}],"predecessor-version":[{"id":25348,"href":"https:\/\/guandong.eu\/es\/wp-json\/wp\/v2\/pages\/6303\/revisions\/25348"}],"wp:attachment":[{"href":"https:\/\/guandong.eu\/es\/wp-json\/wp\/v2\/media?parent=6303"}],"curies":[{"name":"wp","href":"https:\/\/api.w.org\/{rel}","templated":true}]}}