{"id":3684,"date":"2019-05-02T22:14:04","date_gmt":"2019-05-02T20:14:04","guid":{"rendered":"https:\/\/guandong.eu\/cookie-policy\/"},"modified":"2025-06-10T17:07:10","modified_gmt":"2025-06-10T15:07:10","slug":"cookie-policy","status":"publish","type":"page","link":"https:\/\/guandong.eu\/fr\/cookie-policy\/","title":{"rendered":"Cookie policy"},"content":{"rendered":"","protected":false},"excerpt":{"rendered":"<p>Les Cookies sont constitu\u00e9s de portions de code install\u00e9s dans le navigateur qui aident le Propri\u00e9taire \u00e0 fournir les Services selon les finalit\u00e9s d\u00e9crites. Certaines finalit\u00e9s d\u2019installation des Cookies peuvent \u00e9galement n\u00e9cessiter le consentement de l\u2019Utilisateur.<\/p>\n","protected":false},"author":1,"featured_media":0,"parent":0,"menu_order":0,"comment_status":"closed","ping_status":"closed","template":"flow.php","meta":{"_acf_changed":false,"footnotes":""},"class_list":["post-3684","page","type-page","status-publish","hentry"],"acf":[],"_links":{"self":[{"href":"https:\/\/guandong.eu\/fr\/wp-json\/wp\/v2\/pages\/3684"}],"collection":[{"href":"https:\/\/guandong.eu\/fr\/wp-json\/wp\/v2\/pages"}],"about":[{"href":"https:\/\/guandong.eu\/fr\/wp-json\/wp\/v2\/types\/page"}],"author":[{"embeddable":true,"href":"https:\/\/guandong.eu\/fr\/wp-json\/wp\/v2\/users\/1"}],"replies":[{"embeddable":true,"href":"https:\/\/guandong.eu\/fr\/wp-json\/wp\/v2\/comments?post=3684"}],"version-history":[{"count":8,"href":"https:\/\/guandong.eu\/fr\/wp-json\/wp\/v2\/pages\/3684\/revisions"}],"predecessor-version":[{"id":29868,"href":"https:\/\/guandong.eu\/fr\/wp-json\/wp\/v2\/pages\/3684\/revisions\/29868"}],"wp:attachment":[{"href":"https:\/\/guandong.eu\/fr\/wp-json\/wp\/v2\/media?parent=3684"}],"curies":[{"name":"wp","href":"https:\/\/api.w.org\/{rel}","templated":true}]}}