{"id":6015,"date":"2019-05-02T22:07:49","date_gmt":"2019-05-02T20:07:49","guid":{"rendered":"https:\/\/guandong.eu\/grande-formato\/"},"modified":"2023-04-04T13:03:53","modified_gmt":"2023-04-04T11:03:53","slug":"grand-format","status":"publish","type":"page","link":"https:\/\/guandong.eu\/fr\/grand-format\/","title":{"rendered":"Grand format"},"content":{"rendered":"","protected":false},"excerpt":{"rendered":"<p>Cette cat\u00e9gorie commerciale repr\u00e9sente la s\u00e9curit\u00e9 en termes de qualit\u00e9 et de disponibilit\u00e9 des produits, l\u2019\u00e9pine dorsale de notre offre gr\u00e2ce \u00e0 laquelle nous sommes connus et dans laquelle nous nous affirmons dans l\u2019Europe enti\u00e8re.<br \/>\nMa qu\u2019entend-on par Impression Num\u00e9rique de grand format?<\/p>\n","protected":false},"author":1,"featured_media":0,"parent":0,"menu_order":0,"comment_status":"closed","ping_status":"closed","template":"flow.php","meta":{"_acf_changed":false,"footnotes":""},"class_list":["post-6015","page","type-page","status-publish","hentry"],"acf":[],"_links":{"self":[{"href":"https:\/\/guandong.eu\/fr\/wp-json\/wp\/v2\/pages\/6015"}],"collection":[{"href":"https:\/\/guandong.eu\/fr\/wp-json\/wp\/v2\/pages"}],"about":[{"href":"https:\/\/guandong.eu\/fr\/wp-json\/wp\/v2\/types\/page"}],"author":[{"embeddable":true,"href":"https:\/\/guandong.eu\/fr\/wp-json\/wp\/v2\/users\/1"}],"replies":[{"embeddable":true,"href":"https:\/\/guandong.eu\/fr\/wp-json\/wp\/v2\/comments?post=6015"}],"version-history":[{"count":16,"href":"https:\/\/guandong.eu\/fr\/wp-json\/wp\/v2\/pages\/6015\/revisions"}],"predecessor-version":[{"id":27854,"href":"https:\/\/guandong.eu\/fr\/wp-json\/wp\/v2\/pages\/6015\/revisions\/27854"}],"wp:attachment":[{"href":"https:\/\/guandong.eu\/fr\/wp-json\/wp\/v2\/media?parent=6015"}],"curies":[{"name":"wp","href":"https:\/\/api.w.org\/{rel}","templated":true}]}}