{"id":6019,"date":"2019-05-02T22:44:41","date_gmt":"2019-05-02T20:44:41","guid":{"rendered":"https:\/\/guandong.eu\/grand-format\/window\/"},"modified":"2023-09-13T10:44:36","modified_gmt":"2023-09-13T08:44:36","slug":"vinyles-perfores-et-de-films-pour-la-decoration-des-vitres","status":"publish","type":"page","link":"https:\/\/guandong.eu\/fr\/grand-format\/vinyles-perfores-et-de-films-pour-la-decoration-des-vitres\/","title":{"rendered":"Window"},"content":{"rendered":"","protected":false},"excerpt":{"rendered":"<p>La plus grande vari\u00e9t\u00e9 de vinyles perfor\u00e9s et de films pour la d\u00e9coration des vitres.<\/p>\n","protected":false},"author":1,"featured_media":0,"parent":6015,"menu_order":0,"comment_status":"closed","ping_status":"closed","template":"flow.php","meta":{"_acf_changed":false,"footnotes":""},"class_list":["post-6019","page","type-page","status-publish","hentry"],"acf":[],"_links":{"self":[{"href":"https:\/\/guandong.eu\/fr\/wp-json\/wp\/v2\/pages\/6019"}],"collection":[{"href":"https:\/\/guandong.eu\/fr\/wp-json\/wp\/v2\/pages"}],"about":[{"href":"https:\/\/guandong.eu\/fr\/wp-json\/wp\/v2\/types\/page"}],"author":[{"embeddable":true,"href":"https:\/\/guandong.eu\/fr\/wp-json\/wp\/v2\/users\/1"}],"replies":[{"embeddable":true,"href":"https:\/\/guandong.eu\/fr\/wp-json\/wp\/v2\/comments?post=6019"}],"version-history":[{"count":15,"href":"https:\/\/guandong.eu\/fr\/wp-json\/wp\/v2\/pages\/6019\/revisions"}],"predecessor-version":[{"id":29309,"href":"https:\/\/guandong.eu\/fr\/wp-json\/wp\/v2\/pages\/6019\/revisions\/29309"}],"up":[{"embeddable":true,"href":"https:\/\/guandong.eu\/fr\/wp-json\/wp\/v2\/pages\/6015"}],"wp:attachment":[{"href":"https:\/\/guandong.eu\/fr\/wp-json\/wp\/v2\/media?parent=6019"}],"curies":[{"name":"wp","href":"https:\/\/api.w.org\/{rel}","templated":true}]}}