{"id":6065,"date":"2019-05-02T22:46:38","date_gmt":"2019-05-02T20:46:38","guid":{"rendered":"https:\/\/guandong.eu\/grand-format\/intercast-banner\/"},"modified":"2023-09-13T10:43:44","modified_gmt":"2023-09-13T08:43:44","slug":"intercast-banner","status":"publish","type":"page","link":"https:\/\/guandong.eu\/fr\/grand-format\/intercast-banner\/","title":{"rendered":"Intercast Banner"},"content":{"rendered":"","protected":false},"excerpt":{"rendered":"<p>La gamme fondamentale de bandeaux enduits, Fusion et \u00e9l\u00e9ments sp\u00e9ciaux pour impression num\u00e9rique.<\/p>\n","protected":false},"author":1,"featured_media":0,"parent":6015,"menu_order":0,"comment_status":"closed","ping_status":"closed","template":"flow.php","meta":{"_acf_changed":false,"footnotes":""},"class_list":["post-6065","page","type-page","status-publish","hentry"],"acf":[],"_links":{"self":[{"href":"https:\/\/guandong.eu\/fr\/wp-json\/wp\/v2\/pages\/6065"}],"collection":[{"href":"https:\/\/guandong.eu\/fr\/wp-json\/wp\/v2\/pages"}],"about":[{"href":"https:\/\/guandong.eu\/fr\/wp-json\/wp\/v2\/types\/page"}],"author":[{"embeddable":true,"href":"https:\/\/guandong.eu\/fr\/wp-json\/wp\/v2\/users\/1"}],"replies":[{"embeddable":true,"href":"https:\/\/guandong.eu\/fr\/wp-json\/wp\/v2\/comments?post=6065"}],"version-history":[{"count":11,"href":"https:\/\/guandong.eu\/fr\/wp-json\/wp\/v2\/pages\/6065\/revisions"}],"predecessor-version":[{"id":29305,"href":"https:\/\/guandong.eu\/fr\/wp-json\/wp\/v2\/pages\/6065\/revisions\/29305"}],"up":[{"embeddable":true,"href":"https:\/\/guandong.eu\/fr\/wp-json\/wp\/v2\/pages\/6015"}],"wp:attachment":[{"href":"https:\/\/guandong.eu\/fr\/wp-json\/wp\/v2\/media?parent=6065"}],"curies":[{"name":"wp","href":"https:\/\/api.w.org\/{rel}","templated":true}]}}