{"id":6070,"date":"2019-05-02T22:47:06","date_gmt":"2019-05-02T20:47:06","guid":{"rendered":"https:\/\/guandong.eu\/grand-format\/textile-collection\/"},"modified":"2023-09-13T10:44:23","modified_gmt":"2023-09-13T08:44:23","slug":"textile-collection","status":"publish","type":"page","link":"https:\/\/guandong.eu\/fr\/grand-format\/textile-collection\/","title":{"rendered":"Textile Collection"},"content":{"rendered":"","protected":false},"excerpt":{"rendered":"<p>La s\u00e9lection la plus compl\u00e8te de tissus en coton et en polyester pour toiles, r\u00e9tro-\u00e9clairages, bandeaux et produits sp\u00e9ciaux.<\/p>\n","protected":false},"author":1,"featured_media":0,"parent":6015,"menu_order":0,"comment_status":"closed","ping_status":"closed","template":"flow.php","meta":{"_acf_changed":false,"footnotes":""},"class_list":["post-6070","page","type-page","status-publish","hentry"],"acf":[],"_links":{"self":[{"href":"https:\/\/guandong.eu\/fr\/wp-json\/wp\/v2\/pages\/6070"}],"collection":[{"href":"https:\/\/guandong.eu\/fr\/wp-json\/wp\/v2\/pages"}],"about":[{"href":"https:\/\/guandong.eu\/fr\/wp-json\/wp\/v2\/types\/page"}],"author":[{"embeddable":true,"href":"https:\/\/guandong.eu\/fr\/wp-json\/wp\/v2\/users\/1"}],"replies":[{"embeddable":true,"href":"https:\/\/guandong.eu\/fr\/wp-json\/wp\/v2\/comments?post=6070"}],"version-history":[{"count":12,"href":"https:\/\/guandong.eu\/fr\/wp-json\/wp\/v2\/pages\/6070\/revisions"}],"predecessor-version":[{"id":29308,"href":"https:\/\/guandong.eu\/fr\/wp-json\/wp\/v2\/pages\/6070\/revisions\/29308"}],"up":[{"embeddable":true,"href":"https:\/\/guandong.eu\/fr\/wp-json\/wp\/v2\/pages\/6015"}],"wp:attachment":[{"href":"https:\/\/guandong.eu\/fr\/wp-json\/wp\/v2\/media?parent=6070"}],"curies":[{"name":"wp","href":"https:\/\/api.w.org\/{rel}","templated":true}]}}