{"id":6114,"date":"2019-05-08T18:13:10","date_gmt":"2019-05-08T16:13:10","guid":{"rendered":"https:\/\/guandong.eu\/pagamento\/"},"modified":"2019-10-22T16:34:54","modified_gmt":"2019-10-22T14:34:54","slug":"paiement","status":"publish","type":"page","link":"https:\/\/guandong.eu\/fr\/paiement\/","title":{"rendered":"Paiement"},"content":{"rendered":"","protected":false},"excerpt":{"rendered":"<p>Les paiements avec carte de cr\u00e9dit doivent \u00eatre fix\u00e9s avec le Service Client lors de la commande. <\/p>\n","protected":false},"author":1,"featured_media":0,"parent":0,"menu_order":0,"comment_status":"closed","ping_status":"closed","template":"flow.php","meta":{"_acf_changed":false,"footnotes":""},"class_list":["post-6114","page","type-page","status-publish","hentry"],"acf":[],"_links":{"self":[{"href":"https:\/\/guandong.eu\/fr\/wp-json\/wp\/v2\/pages\/6114"}],"collection":[{"href":"https:\/\/guandong.eu\/fr\/wp-json\/wp\/v2\/pages"}],"about":[{"href":"https:\/\/guandong.eu\/fr\/wp-json\/wp\/v2\/types\/page"}],"author":[{"embeddable":true,"href":"https:\/\/guandong.eu\/fr\/wp-json\/wp\/v2\/users\/1"}],"replies":[{"embeddable":true,"href":"https:\/\/guandong.eu\/fr\/wp-json\/wp\/v2\/comments?post=6114"}],"version-history":[{"count":3,"href":"https:\/\/guandong.eu\/fr\/wp-json\/wp\/v2\/pages\/6114\/revisions"}],"predecessor-version":[{"id":6929,"href":"https:\/\/guandong.eu\/fr\/wp-json\/wp\/v2\/pages\/6114\/revisions\/6929"}],"wp:attachment":[{"href":"https:\/\/guandong.eu\/fr\/wp-json\/wp\/v2\/media?parent=6114"}],"curies":[{"name":"wp","href":"https:\/\/api.w.org\/{rel}","templated":true}]}}