{"id":263,"date":"2019-05-02T22:49:19","date_gmt":"2019-05-02T20:49:19","guid":{"rendered":"https:\/\/guandong.eu\/?page_id=263"},"modified":"2023-09-13T10:37:16","modified_gmt":"2023-09-13T08:37:16","slug":"mr-magnus-digital-laser","status":"publish","type":"page","link":"https:\/\/guandong.eu\/it\/smart-e-industria\/mr-magnus-digital-laser\/","title":{"rendered":"Mr. Magnus Digital Laser"},"content":{"rendered":"","protected":false},"excerpt":{"rendered":"<p>Mr Magnus Digital Laser Collection \u00e8 la linea di fogli per stampa digitale con tecnologia laser, desktop flatbed e serigrafia, che offre possibilit\u00e0 sempre pi\u00f9 dinamiche alla comunicazione e alle promozioni in-store.<\/p>\n","protected":false},"author":1,"featured_media":0,"parent":230,"menu_order":0,"comment_status":"closed","ping_status":"closed","template":"flow.php","meta":{"_acf_changed":false,"footnotes":""},"class_list":["post-263","page","type-page","status-publish","hentry"],"acf":[],"_links":{"self":[{"href":"https:\/\/guandong.eu\/it\/wp-json\/wp\/v2\/pages\/263"}],"collection":[{"href":"https:\/\/guandong.eu\/it\/wp-json\/wp\/v2\/pages"}],"about":[{"href":"https:\/\/guandong.eu\/it\/wp-json\/wp\/v2\/types\/page"}],"author":[{"embeddable":true,"href":"https:\/\/guandong.eu\/it\/wp-json\/wp\/v2\/users\/1"}],"replies":[{"embeddable":true,"href":"https:\/\/guandong.eu\/it\/wp-json\/wp\/v2\/comments?post=263"}],"version-history":[{"count":40,"href":"https:\/\/guandong.eu\/it\/wp-json\/wp\/v2\/pages\/263\/revisions"}],"predecessor-version":[{"id":29290,"href":"https:\/\/guandong.eu\/it\/wp-json\/wp\/v2\/pages\/263\/revisions\/29290"}],"up":[{"embeddable":true,"href":"https:\/\/guandong.eu\/it\/wp-json\/wp\/v2\/pages\/230"}],"wp:attachment":[{"href":"https:\/\/guandong.eu\/it\/wp-json\/wp\/v2\/media?parent=263"}],"curies":[{"name":"wp","href":"https:\/\/api.w.org\/{rel}","templated":true}]}}